{"id":33,"date":"2009-07-23T00:09:07","date_gmt":"2009-07-22T22:09:07","guid":{"rendered":"http:\/\/www.identitycosmos.com\/?page_id=33"},"modified":"2009-07-23T00:09:07","modified_gmt":"2009-07-22T22:09:07","slug":"sylvain-cortes_mvp","status":"publish","type":"page","link":"https:\/\/identitycosmos.com\/index.php\/sylvain-cortes_mvp\/","title":{"rendered":"A propos de l&#8217;auteur"},"content":{"rendered":"<p><a href=\"http:\/\/www.identitycosmos.com\/wp-content\/uploads\/2009\/07\/Portrait.png\"><img loading=\"lazy\" decoding=\"async\" title=\"Portrait\" src=\"http:\/\/www.identitycosmos.com\/wp-content\/uploads\/2009\/07\/Portrait.png\" alt=\"\" width=\"165\" height=\"229\" \/><\/a>Bonjour,<\/p>\n<p>je me nomme<strong> <a href=\"https:\/\/mvp.microsoft.com\/fr-fr\/mvp\/Sylvain%20Cortes-37994\" target=\"_blank\" rel=\"noopener noreferrer\">Sylvain Cortes<\/a>\u00a0<\/strong>et suis l&#8217;auteur de ce blog\u00a0francophone sur un sujet malheureusement assez peu trait\u00e9 dans la langue de Moli\u00e8re: la gestion des identit\u00e9s et des acc\u00e8s ou IAM en Anglais.<\/p>\n<p>Je suis ce que l&#8217;on peut appeler un &#8220;sp\u00e9cialiste&#8221; des probl\u00e9matiques de gestion des identit\u00e9s et des acc\u00e8s dans les grandes organisations, et plus sp\u00e9cifiquement dans les entreprises avec une couverture\u00a0internationale ayant des besoins complexes de gestion des identit\u00e9s num\u00e9riques. Je me suis fait une sp\u00e9cialit\u00e9 de tout ce qui englobe la gouvernance des annuaires, les probl\u00e9matiques d&#8217;authentification, la gestion des privil\u00e8ges sur l&#8217;ensemble des OS, la gestion des identit\u00e9s dans le cloud et les projets complexe de migration.<\/p>\n<p>Mon parcours quelque peu atypique m&#8217;a d&#8217;abord pouss\u00e9 vers le Hand-Ball &amp; la biologie cellulaire avant de m&#8217;amener vers l&#8217;informatique, qui est depuis tr\u00e8s longtemps une passion d\u00e9vorante.<\/p>\n<p>Mes domaines d&#8217;expertises couvrent donc les probl\u00e9matiques d&#8217;annuaire au sens large du terme, avec une grande exp\u00e9rience de l&#8217;annuaire <strong>Active Directory<\/strong>. N\u00e9anmoins, j&#8217;ai d\u00e9velopp\u00e9 une expertise particuli\u00e8rement pointue sur l&#8217;<strong>int\u00e9gration des environnements h\u00e9t\u00e9rog\u00e8nes<\/strong> tels que Unix, Linux ou Mac dans l&#8217;annuaire Active Directory en utilisant les protocoles <strong>Kerberos et LDAP<\/strong>. Ces notions \u00e9tant particuli\u00e8rement importantes dans le cadre d&#8217;entreprises d\u00e9sirant\u00a0<strong>\u00e9liminer les\u00a0services NIS<\/strong> ou NIS+ de leur urbanisme informatique ou tout simplement voulant g\u00e9rer finement les privil\u00e8ges utilisateurs sur l&#8217;ensemble des syst\u00e8mes d&#8217;exploitation.<\/p>\n<p>Depuis quelques ann\u00e9es, avec l&#8217;\u00e9mergence des technologies de Cloud Public, je travaille en profondeur\u00a0sur les principes de f\u00e9d\u00e9ration d&#8217;identit\u00e9 et sur les offres d&#8217;Identity As A Service (IDaaS) et de Directory As A Service (DIRaaS). J&#8217;ai notamment cr\u00e9\u00e9 plusieurs formations et workshops sur ces sujets passionnants.<\/p>\n<p>De plus, les principes de CyberS\u00e9curit\u00e9 en g\u00e9n\u00e9ral et plus particuli\u00e8rement les r\u00e9flexions autour du AD Hardening occupent mes activit\u00e9s, notamment chez des grandes organisations d\u00e9sirant s\u00e9curiser de fa\u00e7on profonde leur annuaire Active Directory et le rendre beaucoup moins sensible aux attaques internes et externes.<\/p>\n<p>Microsoft m&#8217;a honor\u00e9 du titre de <a href=\"https:\/\/mvp.microsoft.com\/fr-fr\/mvp\/Sylvain%20Cortes-37994\" target=\"_blank\" rel=\"noopener noreferrer\"><strong>MVP<\/strong><\/a>\u00a0tout d&#8217;abord sur le domaine des <strong>Strat\u00e9gies de Groupe (GPOs)<\/strong>, puis sur le produit IAM de Microsoft<strong>\u00a0Forefront Identity Manager (FIM)<\/strong>, puis sur l&#8217;annuaire on-prem de Microsoft <strong>Active Directory<\/strong> et enfin depuis la refonte du programme en 2016 dans la cat\u00e9gorie <strong>Enterprise Mobility, avec une sp\u00e9cialisation IDA<\/strong>.\u00a0<\/p>\n<p>Concernant les GPOs, j&#8217;animais d&#8217;ailleurs \u00e0 ce sujet, <strong>un autre blog: www.gpomasters.com<\/strong> r\u00e9unissant les ressources francophones sur ce sujet, qui depuis a \u00e9t\u00e9 abandonn\u00e9 par manque de temps, la partie gestion des identit\u00e9s prenant de plus en plus de place dans mon activit\u00e9 professionnelle.<\/p>\n<p>Si vous ne connaissez pas le programme Microsoft MVP, voici une vid\u00e9o vintage vous d\u00e9montrant la vision Am\u00e9ricaine du programme \ud83d\ude09<br \/><iframe loading=\"lazy\" src=\"https:\/\/www.youtube.com\/embed\/KjMCe_wo1S0\" width=\"560\" height=\"315\" frameborder=\"0\"><\/iframe><\/p>\n<p>Je pr\u00e9side depuis 2007 <a href=\"https:\/\/www.facebook.com\/groups\/695089703859153\" target=\"_blank\" rel=\"noopener noreferrer\">la communaut\u00e9 CADIM <\/a>&#8211; Communaut\u00e9 Active Directory &amp; Identity Management regroupant l&#8217;ensemble des professionnels et utilisateurs francophones des technologies Active Directory, Azure Active Directory, AD FS &amp; MIM. Cette communaut\u00e9 est aussi <strong>largement<\/strong> ouverte vers les technologies non-Microsoft telles que les annuaires LDAP, SAML, le SSO, le DLP, l&#8217;ERM, etc. <strong><a href=\"https:\/\/www.facebook.com\/groups\/695089703859153\/\">Un groupe Facebook<\/a><\/strong>\u00a0ainsi qu&#8217;un groupe <a href=\"https:\/\/www.linkedin.com\/groups\/12110038\/\"><strong>Linkedin <\/strong><\/a>vous proposent de vous connectez facilement \u00e0 cette communaut\u00e9 et de pouvoir \u00e9changer librement avec elle.<\/p>\n<p>Un serveur discor est \u00e9galement disponible pour les \u00e9changes en temps r\u00e9el des membres de la communaut\u00e9 CADIM: <a href=\"https:\/\/discord.gg\/DmQwUaZV9H\">https:\/\/discord.gg\/DmQwUaZV9H<\/a><\/p>\n<p>Quoi qu&#8217;il en soit j&#8217;esp\u00e8re sinc\u00e8rement\u00a0que le contenu de ce blog saura retenir votre attention, et que vous trouverez un int\u00e9r\u00eat \u00e0 consacrer du temps \u00e0 sa lecture.<\/p>\n<p>N&#8217;h\u00e9sitez pas \u00e0 laisser vos commentaires sur ce blog ou \u00e0 m&#8217;envoyer un mail. Mon adresse email est constitu\u00e9e de mon pr\u00e9nom suivi de mon nom sylvaincortes et j&#8217;utilise le service de mail de Microsoft, celui qui est &#8220;hot&#8221; @hotmail.com on ne se refait pas&#8230;<\/p>\n<p>Vous retrouverez la plupart de mes pr\u00e9sentations en public lors d&#8217;\u00e9v\u00e8nements divers et vari\u00e9s sur mon compte SlideShare (du moins, je suis en train de les remonter depuis que Microsoft a ferm\u00e9 docs.com&#8230;)\u00a0<a href=\"https:\/\/fr.slideshare.net\/sylvaincortes\">https:\/\/fr.slideshare.net\/sylvaincortes<\/a><\/p>\n<p>Et quelles informations suppl\u00e9mentaires sur les r\u00e9seaux sociaux sur lesquels j&#8217;interviens sur mon compte about.me:\u00a0<a href=\"https:\/\/about.me\/sylvaincortes\"><strong>https:\/\/about.me\/sylvaincortes<\/strong><\/a><\/p>\n<h3><strong><strong>[\u00a0 Any significantly advanced technology is indistinguishable from magic.\u00a0 Arthur C. Clarke ]<\/strong><\/strong><\/h3>\n<p><strong><strong><a title=\"Sylvain Cortes sur twitter !!!\" href=\"http:\/\/twitter.com\/sylvaincortes\" target=\"_blank\" rel=\"noopener noreferrer\"><img loading=\"lazy\" decoding=\"async\" title=\"twiteer\" src=\"http:\/\/www.identitycosmos.com\/wp-content\/uploads\/2009\/07\/twiteer.png\" alt=\"\" width=\"136\" height=\"136\" \/><\/a> <\/strong><\/strong><\/p>\n<p><strong><strong>Pour me suivre sur twitter:\u00a0<\/strong><\/strong><strong><strong><a title=\"Sylvain Cortes sur twitter !!!\" href=\"http:\/\/twitter.com\/sylvaincortes\" target=\"_blank\" rel=\"noopener noreferrer\">http:\/\/twitter.com\/sylvaincortes<\/a><\/strong><\/strong><\/p>\n<p><strong><strong><a href=\"http:\/\/identitycosmos.com\/wp-content\/uploads\/2009\/07\/MVP_logo_vertical.jpg\"><img loading=\"lazy\" decoding=\"async\" title=\"MVP_logo_vertical\" src=\"http:\/\/identitycosmos.com\/wp-content\/uploads\/2009\/07\/MVP_logo_vertical.jpg\" alt=\"\" width=\"121\" height=\"189\" \/><\/a><\/strong><\/strong><\/p>\n<p><strong><strong><strong><strong>Pour consulter mon profil MVP: <\/strong><\/strong><\/strong><\/strong><strong><a href=\"https:\/\/mvp.microsoft.com\/fr-fr\/mvp\/Sylvain%20Cortes-37994\" target=\"_blank\" rel=\"noopener noreferrer\">https:\/\/mvp.support.microsoft.com\/<\/a><\/strong><\/p>\n<h2>Pour me retrouver IRL c&#8217;est par l\u00e0&#8230;<\/h2>\n<p>\t\t\t<iframe frameborder=\"0\" scrolling=\"no\" marginheight=\"0\" marginwidth=\"0\" src=\"https:\/\/maps.google.com\/maps?q=Grenoble&amp;t=m&amp;z=12&amp;output=embed&amp;iwloc=near\" title=\"Grenoble\" aria-label=\"Grenoble\"><\/iframe><\/p>\n","protected":false},"excerpt":{"rendered":"<p>Bonjour, je me nomme Sylvain Cortes\u00a0et suis l&#8217;auteur de ce blog\u00a0francophone sur un sujet malheureusement assez peu trait\u00e9 dans la langue de Moli\u00e8re: la gestion des identit\u00e9s et des acc\u00e8s ou IAM en Anglais. Je suis ce que l&#8217;on peut appeler un &#8220;sp\u00e9cialiste&#8221; des probl\u00e9matiques de gestion des identit\u00e9s et des acc\u00e8s dans les grandes [&hellip;]<\/p>\n","protected":false},"author":3,"featured_media":0,"parent":0,"menu_order":0,"comment_status":"open","ping_status":"open","template":"","meta":{"footnotes":""},"class_list":["post-33","page","type-page","status-publish","hentry"],"_links":{"self":[{"href":"https:\/\/identitycosmos.com\/index.php\/wp-json\/wp\/v2\/pages\/33","targetHints":{"allow":["GET"]}}],"collection":[{"href":"https:\/\/identitycosmos.com\/index.php\/wp-json\/wp\/v2\/pages"}],"about":[{"href":"https:\/\/identitycosmos.com\/index.php\/wp-json\/wp\/v2\/types\/page"}],"author":[{"embeddable":true,"href":"https:\/\/identitycosmos.com\/index.php\/wp-json\/wp\/v2\/users\/3"}],"replies":[{"embeddable":true,"href":"https:\/\/identitycosmos.com\/index.php\/wp-json\/wp\/v2\/comments?post=33"}],"version-history":[{"count":0,"href":"https:\/\/identitycosmos.com\/index.php\/wp-json\/wp\/v2\/pages\/33\/revisions"}],"wp:attachment":[{"href":"https:\/\/identitycosmos.com\/index.php\/wp-json\/wp\/v2\/media?parent=33"}],"curies":[{"name":"wp","href":"https:\/\/api.w.org\/{rel}","templated":true}]}}