{"id":2372,"date":"2021-02-08T19:41:11","date_gmt":"2021-02-08T17:41:11","guid":{"rendered":"https:\/\/www.identitycosmos.com\/?page_id=2372"},"modified":"2021-02-08T19:41:11","modified_gmt":"2021-02-08T17:41:11","slug":"identitydays-2","status":"publish","type":"page","link":"https:\/\/identitycosmos.com\/index.php\/identitydays-2\/","title":{"rendered":"IdentityDays"},"content":{"rendered":"<p>Quelques membres de l&#8217;\u00e9quipe organisatrice des IdentityDays:<\/p>\n<figure>\n\t\t\t\t<img decoding=\"async\" width=\"201\" height=\"300\" src=\"https:\/\/www.identitycosmos.com\/wp-content\/uploads\/2021\/02\/Portrait_final_small-201x300.png\" alt=\"\" loading=\"lazy\" srcset=\"https:\/\/www.identitycosmos.com\/wp-content\/uploads\/2021\/02\/Portrait_final_small-201x300.png 201w, https:\/\/www.identitycosmos.com\/wp-content\/uploads\/2021\/02\/Portrait_final_small-686x1024.png 686w, https:\/\/www.identitycosmos.com\/wp-content\/uploads\/2021\/02\/Portrait_final_small-768x1147.png 768w, https:\/\/www.identitycosmos.com\/wp-content\/uploads\/2021\/02\/Portrait_final_small-1028x1536.png 1028w, https:\/\/www.identitycosmos.com\/wp-content\/uploads\/2021\/02\/Portrait_final_small-241x360.png 241w, http:\/\/identitycosmos.com\/wp-content\/uploads\/2021\/02\/Portrait_final_small.png 1037w\" sizes=\"auto, (max-width: 201px) 100vw, 201px\" \/>\t\t\t<\/figure>\n<h2>Sylvain Cortes<\/h2>\n<p>\t\t\t\t\t\t\tMicrosoft MVP &#8211; Identity<\/p>\n<p>Sylvain est le pr\u00e9sident de la CADIM, sp\u00e9cialiste de la s\u00e9curit\u00e9 Active Directory et de la gestion des identit\u00e9s et des acc\u00e8s.<\/p>\n<p>\t\t\t\t\t<a target=\"_blank\" rel=\"noopener\" href=\"https:\/\/twitter.com\/sylvaincortes\"><\/a><a target=\"_blank\" rel=\"noopener\" href=\"https:\/\/www.linkedin.com\/in\/sylvaincortes\/\"><\/a>\t\t\t\t<\/p>\n<figure>\n\t\t\t\t<img decoding=\"async\" width=\"258\" height=\"300\" src=\"https:\/\/www.identitycosmos.com\/wp-content\/uploads\/2021\/02\/seyf-258x300.png\" alt=\"\" loading=\"lazy\" srcset=\"https:\/\/www.identitycosmos.com\/wp-content\/uploads\/2021\/02\/seyf-258x300.png 258w, https:\/\/www.identitycosmos.com\/wp-content\/uploads\/2021\/02\/seyf-309x360.png 309w, https:\/\/www.identitycosmos.com\/wp-content\/uploads\/2021\/02\/seyf.png 622w\" sizes=\"auto, (max-width: 258px) 100vw, 258px\" \/>\t\t\t<\/figure>\n<h2>Seyfallah Tagrerout<\/h2>\n<p>\t\t\t\t\t\t\tTeam Lead Cloud Architect &#8211; Microsoft MVP<\/p>\n<p>&#x2601;&#xfe0f;Team Lead Cloud Architect &#8211; &#x2601;&#xfe0f; {Author | Speaker | Trainer | Microsoft Azure Architect &amp; Microsoft Defender \/ Threat Protection Specialist }<\/p>\n<p>\t\t\t\t\t<a target=\"_blank\" rel=\"noopener\" href=\"https:\/\/www.linkedin.com\/in\/seyfallahtagrerout\/\"><\/a>\t\t\t\t<\/p>\n<figure>\n\t\t\t\t<img decoding=\"async\" width=\"636\" height=\"789\" src=\"https:\/\/www.identitycosmos.com\/wp-content\/uploads\/2021\/02\/joris-825x1024.png\" alt=\"\" loading=\"lazy\" srcset=\"https:\/\/www.identitycosmos.com\/wp-content\/uploads\/2021\/02\/joris-825x1024.png 825w, https:\/\/www.identitycosmos.com\/wp-content\/uploads\/2021\/02\/joris-242x300.png 242w, https:\/\/www.identitycosmos.com\/wp-content\/uploads\/2021\/02\/joris-768x953.png 768w, https:\/\/www.identitycosmos.com\/wp-content\/uploads\/2021\/02\/joris-290x360.png 290w, https:\/\/www.identitycosmos.com\/wp-content\/uploads\/2021\/02\/joris.png 988w\" sizes=\"auto, (max-width: 636px) 100vw, 636px\" \/>\t\t\t<\/figure>\n<h2>Joris Faure<\/h2>\n<p>\t\t\t\t\t\t\tIdentity &amp; Security Expert<\/p>\n<p>Sp\u00e9cialiste en gestion des identit\u00e9s on-prem et dans le cloud. Speaker pour des \u00e9v\u00e8nements en France et au Canada.<\/p>\n<p>\t\t\t\t\t<a target=\"_blank\" rel=\"noopener\" href=\"https:\/\/www.linkedin.com\/in\/jorisfaure\/\"><\/a>\t\t\t\t<\/p>\n<figure>\n\t\t\t\t<img decoding=\"async\" width=\"216\" height=\"300\" src=\"https:\/\/www.identitycosmos.com\/wp-content\/uploads\/2021\/02\/GuillaumeM-216x300.png\" alt=\"\" loading=\"lazy\" srcset=\"https:\/\/www.identitycosmos.com\/wp-content\/uploads\/2021\/02\/GuillaumeM-216x300.png 216w, https:\/\/www.identitycosmos.com\/wp-content\/uploads\/2021\/02\/GuillaumeM-259x360.png 259w, https:\/\/www.identitycosmos.com\/wp-content\/uploads\/2021\/02\/GuillaumeM.png 302w\" sizes=\"auto, (max-width: 216px) 100vw, 216px\" \/>\t\t\t<\/figure>\n<h2>Guillaume Mathieu<\/h2>\n<p>\t\t\t\t\t\t\tDirecteur technique<\/p>\n<p>Directeur Technique chez Flexi, R\u00e9dacteur du blog http:\/\/msreport.free.fr<br \/>\nAuteur du livre &#8220;Tester la s\u00e9curit\u00e9 de son annuaire Active Directory&#8221; <\/p>\n<p>\t\t\t\t\t<a target=\"_blank\" rel=\"noopener\" href=\"https:\/\/www.linkedin.com\/in\/guillaume-mathieu-785431119\/\"><\/a>\t\t\t\t<\/p>\n<figure>\n\t\t\t\t<img decoding=\"async\" width=\"202\" height=\"300\" src=\"https:\/\/www.identitycosmos.com\/wp-content\/uploads\/2021\/02\/HERVET-202x300.png\" alt=\"\" loading=\"lazy\" srcset=\"https:\/\/www.identitycosmos.com\/wp-content\/uploads\/2021\/02\/HERVET-202x300.png 202w, https:\/\/www.identitycosmos.com\/wp-content\/uploads\/2021\/02\/HERVET-243x360.png 243w, https:\/\/www.identitycosmos.com\/wp-content\/uploads\/2021\/02\/HERVET.png 470w\" sizes=\"auto, (max-width: 202px) 100vw, 202px\" \/>\t\t\t<\/figure>\n<h2>Herv\u00e9 Thibault<\/h2>\n<p>\t\t\t\t\t\t\tChief Technology Officer<\/p>\n<p>Chief Technology Officer  METSYS &#8211; Membre du programme Microsoft Regional Director<\/p>\n<p>\t\t\t\t\t<a target=\"_blank\" rel=\"noopener\" href=\"https:\/\/www.linkedin.com\/in\/herv%C3%A9-thibault-065ab39\/\"><\/a>\t\t\t\t<\/p>\n<figure>\n\t\t\t\t<img decoding=\"async\" width=\"300\" height=\"300\" src=\"https:\/\/www.identitycosmos.com\/wp-content\/uploads\/2021\/12\/Elvire-300x300.jpg\" alt=\"\" loading=\"lazy\" srcset=\"https:\/\/www.identitycosmos.com\/wp-content\/uploads\/2021\/12\/Elvire-300x300.jpg 300w, https:\/\/www.identitycosmos.com\/wp-content\/uploads\/2021\/12\/Elvire-150x150.jpg 150w, https:\/\/www.identitycosmos.com\/wp-content\/uploads\/2021\/12\/Elvire-360x360.jpg 360w, https:\/\/www.identitycosmos.com\/wp-content\/uploads\/2021\/12\/Elvire.jpg 450w\" sizes=\"auto, (max-width: 300px) 100vw, 300px\" \/>\t\t\t<\/figure>\n<h2>Elvire Gouezou<\/h2>\n<p>\t\t\t\t\t\t\tMarketing Manager<\/p>\n<p>Cerberis: Solutions for IT challenges &#8211; Identity Days Team Leader : IAM &amp; cybersecurity Event<\/p>\n<p>\t\t\t\t\t<a target=\"_blank\" rel=\"noopener\" href=\"https:\/\/www.linkedin.com\/in\/elvire-gouezou-1a754314\/\"><\/a>\t\t\t\t<\/p>\n<h4><strong>L&#8217;\u00e9dition 2022 des IdentityDays se d\u00e9roulera dans:<\/strong><\/h4>\n<ul id=\"eael-countdown-4b3dad8\" data-date=\"Oct 20 2022 0:00:00\">\n<li>00Jours<\/li>\n<li>00Heures<\/li>\n<li>00Minutes<\/li>\n<li>00Secondes<\/li>\n<\/ul>\n<p>\t\t\t<iframe frameborder=\"0\" scrolling=\"no\" marginheight=\"0\" marginwidth=\"0\"\n\t\t\t\t\tsrc=\"https:\/\/maps.google.com\/maps?q=Espace%20Saint-Martin%2C%20Paris%2C%20France&#038;t=m&#038;z=12&#038;output=embed&#038;iwloc=near\"\n\t\t\t\t\ttitle=\"Espace Saint-Martin, Paris, France\"\n\t\t\t\t\taria-label=\"Espace Saint-Martin, Paris, France\"\n\t\t\t><\/iframe><\/p>\n","protected":false},"excerpt":{"rendered":"<p>Quelques membres de l&#8217;\u00e9quipe organisatrice des IdentityDays: Sylvain Cortes Microsoft MVP &#8211; Identity Sylvain est le pr\u00e9sident de la CADIM, sp\u00e9cialiste de la s\u00e9curit\u00e9 Active Directory et de la gestion des identit\u00e9s et des acc\u00e8s. Seyfallah Tagrerout Team Lead Cloud Architect &#8211; Microsoft MVP &#x2601;&#xfe0f;Team Lead Cloud Architect &#8211; &#x2601;&#xfe0f; {Author | Speaker | Trainer [&hellip;]<\/p>\n","protected":false},"author":3,"featured_media":0,"parent":0,"menu_order":0,"comment_status":"closed","ping_status":"closed","template":"","meta":{"footnotes":""},"class_list":["post-2372","page","type-page","status-publish","hentry"],"_links":{"self":[{"href":"https:\/\/identitycosmos.com\/index.php\/wp-json\/wp\/v2\/pages\/2372","targetHints":{"allow":["GET"]}}],"collection":[{"href":"https:\/\/identitycosmos.com\/index.php\/wp-json\/wp\/v2\/pages"}],"about":[{"href":"https:\/\/identitycosmos.com\/index.php\/wp-json\/wp\/v2\/types\/page"}],"author":[{"embeddable":true,"href":"https:\/\/identitycosmos.com\/index.php\/wp-json\/wp\/v2\/users\/3"}],"replies":[{"embeddable":true,"href":"https:\/\/identitycosmos.com\/index.php\/wp-json\/wp\/v2\/comments?post=2372"}],"version-history":[{"count":0,"href":"https:\/\/identitycosmos.com\/index.php\/wp-json\/wp\/v2\/pages\/2372\/revisions"}],"wp:attachment":[{"href":"https:\/\/identitycosmos.com\/index.php\/wp-json\/wp\/v2\/media?parent=2372"}],"curies":[{"name":"wp","href":"https:\/\/api.w.org\/{rel}","templated":true}]}}